{"id":81541,"date":"2025-03-12T16:27:43","date_gmt":"2025-03-12T16:27:43","guid":{"rendered":"http:\/\/pointer.lt\/virtuves-baldu-skaiciuokle\/"},"modified":"2025-09-01T07:22:06","modified_gmt":"2025-09-01T07:22:06","slug":"calculate-my-kitchen","status":"publish","type":"page","link":"https:\/\/www.taumona.com\/en\/calculate-my-kitchen\/","title":{"rendered":"Virtuv\u0117s bald\u0173 skai\u010diuokl\u0117"},"content":{"rendered":"","protected":false},"excerpt":{"rendered":"","protected":false},"author":3,"featured_media":0,"parent":0,"menu_order":0,"comment_status":"closed","ping_status":"closed","template":"page-templates\/acf-flexible-content.php","meta":{"_acf_changed":false,"inline_featured_image":false,"footnotes":""},"class_list":["post-81541","page","type-page","status-publish","hentry"],"acf":[],"_links":{"self":[{"href":"https:\/\/www.taumona.com\/en\/wp-json\/wp\/v2\/pages\/81541","targetHints":{"allow":["GET"]}}],"collection":[{"href":"https:\/\/www.taumona.com\/en\/wp-json\/wp\/v2\/pages"}],"about":[{"href":"https:\/\/www.taumona.com\/en\/wp-json\/wp\/v2\/types\/page"}],"author":[{"embeddable":true,"href":"https:\/\/www.taumona.com\/en\/wp-json\/wp\/v2\/users\/3"}],"replies":[{"embeddable":true,"href":"https:\/\/www.taumona.com\/en\/wp-json\/wp\/v2\/comments?post=81541"}],"version-history":[{"count":20,"href":"https:\/\/www.taumona.com\/en\/wp-json\/wp\/v2\/pages\/81541\/revisions"}],"predecessor-version":[{"id":83853,"href":"https:\/\/www.taumona.com\/en\/wp-json\/wp\/v2\/pages\/81541\/revisions\/83853"}],"wp:attachment":[{"href":"https:\/\/www.taumona.com\/en\/wp-json\/wp\/v2\/media?parent=81541"}],"curies":[{"name":"wp","href":"https:\/\/api.w.org\/{rel}","templated":true}]}}